{"id":2316,"date":"2016-05-27T12:05:06","date_gmt":"2016-05-27T12:05:06","guid":{"rendered":"http:\/\/www.capisa.es\/?page_id=2316"},"modified":"2016-06-01T14:26:41","modified_gmt":"2016-06-01T14:26:41","slug":"rsc-fr","status":"publish","type":"page","link":"https:\/\/www.capisa.es\/fr\/rsc-fr\/","title":{"rendered":"RSC"},"content":{"rendered":"<p><strong>La RSC \u00e0 Capisa<\/strong><img loading=\"lazy\" decoding=\"async\" class=\"alignnone size-full wp-image-952\" style=\"color: #333333; font-style: normal; line-height: 24.375px;\" title=\"cuadro1\" src=\"https:\/\/www.capisa.es\/wp-content\/uploads\/2013\/06\/cuadro1.png\" alt=\"\" width=\"995\" height=\"559\" srcset=\"https:\/\/www.capisa.es\/wp-content\/uploads\/2013\/06\/cuadro1.png 995w, https:\/\/www.capisa.es\/wp-content\/uploads\/2013\/06\/cuadro1-300x168.png 300w, https:\/\/www.capisa.es\/wp-content\/uploads\/2013\/06\/cuadro1-500x280.png 500w\" sizes=\"auto, (max-width: 995px) 100vw, 995px\" \/><\/p>\n<p>Compa\u00f1\u00eda Canaria de Piensos SA, Capisa, est consciente que les entreprises ne sont pas des entit\u00e9s isol\u00e9es, mais qu\u2019elles sont une partie de plus dans la Soci\u00e9t\u00e9. Toutes ses d\u00e9cisions ont un impact sur les localit\u00e9s o\u00f9 se d\u00e9veloppe son activit\u00e9 et y exercent un r\u00f4le important dans la cr\u00e9ation d\u2019emploi et le d\u00e9veloppement \u00e9conomique.   <\/p>\n<p>C\u2019est depuis cette conviction que contribuer au bien-\u00eatre de la Soci\u00e9t\u00e9 est un acte volontaire que Capisa  r\u00e9alise au-del\u00e0 de toute obligation l\u00e9gale ou administrative.<\/p>\n<ul>\n<li>La Responsabilit\u00e9 Sociale Corporative repr\u00e9sente la volont\u00e9 de Capisa de contribuer au d\u00e9veloppement de la communaut\u00e9 \u00e0 laquelle nous appartenons, en apportant vision, valeurs, ressources humaines et financi\u00e8res pour un d\u00e9veloppement \u00e9conomique, social et environnemental plus \u00e9quitable et durable.<\/li>\n<li>Notre d\u00e9fi est d\u2019\u00e9tablir un lien entre la croissance \u00e9conomique, la responsabilit\u00e9 sociale et le d\u00e9veloppement durable.<\/li>\n<\/ul>\n<p><strong>D\u00e9claration de valeurs \u00c9thiques Corporatives<\/strong><\/p>\n<p><img loading=\"lazy\" decoding=\"async\" class=\"alignnone size-full wp-image-953\" style=\"color: #333333; font-style: normal; line-height: 24.375px;\" title=\"cuadro2\" src=\"https:\/\/www.capisa.es\/wp-content\/uploads\/2013\/06\/cuadro2.png\" alt=\"\" width=\"783\" height=\"737\" srcset=\"https:\/\/www.capisa.es\/wp-content\/uploads\/2013\/06\/cuadro2.png 783w, https:\/\/www.capisa.es\/wp-content\/uploads\/2013\/06\/cuadro2-300x282.png 300w, https:\/\/www.capisa.es\/wp-content\/uploads\/2013\/06\/cuadro2-318x300.png 318w\" sizes=\"auto, (max-width: 783px) 100vw, 783px\" \/><br \/>\nCapisa essaie de susciter un comportement \u00e9thique apportant de la valeur \u00e0 notre activit\u00e9, depuis la consid\u00e9ration que la croissance \u00e9conomique et productive est n\u00e9cessairement associ\u00e9e \u00e0 une am\u00e9lioration de la qualit\u00e9 de vie des personnes et l\u2019impact de notre gestion s\u2019\u00e9tend \u00e0 toutes les personnes, groupes et organismes concern\u00e9s par les activit\u00e9s ou la marche de notre organisation. <\/p>\n<ul>\n<li>Depuis la reconnaissance des besoins de notre soci\u00e9t\u00e9, Capisa parie sur le soutien de projets favorisant l\u2019\u00e9ducation, l\u2019emploi et une vie digne pour toutes les personnes.<\/li>\n<li>C\u2019est avec cet objectif, notre organisation int\u00e8gre dans sa strat\u00e9gie le contr\u00f4le sur les impacts \u00e9conomiques, sociaux et environnementaux de toutes nos op\u00e9rations.<\/li>\n<\/ul>\n<p><strong>Soutien \u00e0 la communaut\u00e9<\/strong><\/p>\n<p>Notre contribution au bien-\u00eatre de la Communaut\u00e9 se mat\u00e9rialise avec la promotion de projets sociaux \u00e0 travers nos dons aux organisations sociales.<\/p>\n<p>Capisa dispose d\u2019un budget annuel destin\u00e9 \u00e0 promouvoir des projets \u00e9ducatifs, d\u2019acc\u00e8s \u00e0 l\u2019emploi, des bourses d\u2019\u00e9tude et le soutien des secteurs d\u00e9pendants.<\/p>\n<p>Depuis 2013, nous avons \u00e9tabli des accords de collaboration stables avec:<\/p>\n<ul>\n<li>Radio Ecca.<\/li>\n<li>Banco de Alimentos.<\/li>\n<li>Fondation Yrichen.<\/li>\n<li>Fondation Forja.<\/li>\n<\/ul>\n<p>Nous maintenons des accords de collaboration pour faciliter l\u2019acc\u00e8s aux pratiques professionnelles \u00e0 des \u00e9tudiants universitaires avec:<\/p>\n<ul>\n<li>Universit\u00e9 de Las Palmas de Gran Canaria.<\/li>\n<li>Universit\u00e9 Alfonso X El Sabio.<\/li>\n<\/ul>\n<p><strong>Environnement<\/strong><\/p>\n<p>Pour Capisa, les pr\u00e9occupations environnementales et notre effort pour contribuer \u00e0 la durabilit\u00e9 de l\u2019environnement n\u2019est pas un sujet qui soit trait\u00e9 de fa\u00e7on isol\u00e9e au moyen d\u2019activit\u00e9s externes au travail de la Compagnie, mais une question essentielle, qui fait partie de notre strat\u00e9gie d\u2019entreprise et qui est pr\u00e9sente dans toutes et chacune des \u00e9tapes de nos op\u00e9rations.<\/p>\n<p>Dans ce sens, nous sommes la seule usine de l\u2019Archipel certifi\u00e9es par les normes <strong>ISO 14001 de Syst\u00e8mes de Gestion de l\u2019Environnement<\/strong>. Cette certification approuve un syst\u00e8me de gestion fond\u00e9 sur des param\u00e8tres environnementaux et encourage de plus grandes exigences environnementales dans la chaine de production. <\/p>\n<p><strong>\u00c0 Capisa, nous nous compromettons \u00e9galement \u00e0 une am\u00e9lioration continue qui doit contribuer \u00e0 l\u2019efficacit\u00e9 de notre syst\u00e8me de gestion de l\u2019environnement.<\/strong><\/p>\n","protected":false},"excerpt":{"rendered":"<p>La RSC \u00e0 Capisa Compa\u00f1\u00eda Canaria de Piensos SA, Capisa, est consciente que les entreprises ne sont pas des entit\u00e9s isol\u00e9es, mais qu\u2019elles sont une partie de plus dans la Soci\u00e9t\u00e9. Toutes ses d\u00e9cisions ont un impact sur les localit\u00e9s &hellip; <a href=\"https:\/\/www.capisa.es\/fr\/rsc-fr\/\">Continuer la lecture <span class=\"meta-nav\">&rarr;<\/span><\/a><\/p>\n","protected":false},"author":1,"featured_media":0,"parent":0,"menu_order":0,"comment_status":"closed","ping_status":"closed","template":"","meta":{"ngg_post_thumbnail":0,"footnotes":""},"class_list":["post-2316","page","type-page","status-publish","hentry"],"_links":{"self":[{"href":"https:\/\/www.capisa.es\/fr\/wp-json\/wp\/v2\/pages\/2316","targetHints":{"allow":["GET"]}}],"collection":[{"href":"https:\/\/www.capisa.es\/fr\/wp-json\/wp\/v2\/pages"}],"about":[{"href":"https:\/\/www.capisa.es\/fr\/wp-json\/wp\/v2\/types\/page"}],"author":[{"embeddable":true,"href":"https:\/\/www.capisa.es\/fr\/wp-json\/wp\/v2\/users\/1"}],"replies":[{"embeddable":true,"href":"https:\/\/www.capisa.es\/fr\/wp-json\/wp\/v2\/comments?post=2316"}],"version-history":[{"count":3,"href":"https:\/\/www.capisa.es\/fr\/wp-json\/wp\/v2\/pages\/2316\/revisions"}],"predecessor-version":[{"id":2734,"href":"https:\/\/www.capisa.es\/fr\/wp-json\/wp\/v2\/pages\/2316\/revisions\/2734"}],"wp:attachment":[{"href":"https:\/\/www.capisa.es\/fr\/wp-json\/wp\/v2\/media?parent=2316"}],"curies":[{"name":"wp","href":"https:\/\/api.w.org\/{rel}","templated":true}]}}