{"id":2413,"date":"2016-05-27T12:58:53","date_gmt":"2016-05-27T12:58:53","guid":{"rendered":"http:\/\/www.capisa.es\/?page_id=2413"},"modified":"2016-05-27T12:58:53","modified_gmt":"2016-05-27T12:58:53","slug":"porcino","status":"publish","type":"page","link":"https:\/\/www.capisa.es\/fr\/produits\/aliments\/gama-plus\/porcino\/","title":{"rendered":"PORCINO"},"content":{"rendered":"<p>Nous concevons des aliments sur mesure pour chacune des cat\u00e9gories dans le but d\u2019obtenir les indices les plus \u00e9lev\u00e9s de f\u00e9condit\u00e9 et prolificit\u00e9 chez les femelles, ainsi qu\u2019un indice \u00e9lev\u00e9 de conversion dans les canaux finals. <\/p>\n<p>\u2022 <strong>LECHONES PLUS:<\/strong> Aliment complet \u00e9labor\u00e9 \u00e0 partir de mati\u00e8res premi\u00e8res de haute app\u00e9tissibilit\u00e9, avec de grands apports en \u00e9nergies et acides amin\u00e9s essentiels pour le d\u00e9marrage des porcelets industriels d\u00e8s le 42\u00e8me jour (12 kg PV) jusqu\u2019au 75\u00e8me jour de vie (30 kg PV).<\/p>\n<p>\u2022 <strong>LECHONES MEDICADOS PLUS:<\/strong> Aliment complet \u00e9labor\u00e9 avec un pr\u00e9-m\u00e9lange m\u00e9dicamenteux id\u00e9al pour le traitement et contr\u00f4le des diarrh\u00e9es au d\u00e9marrage des porcelets industriels depuis le 42\u00e8me jour (12 kg PV) jusqu\u2019au 75\u00e8me jour de vie (30 kg PV).<\/p>\n<p>\u2022 <strong>CERDOS CRECIMIENTO PLUS:<\/strong> Aliment complet avec les meilleures qualit\u00e9s nutritives quant \u00e0 l\u2019apport des acides amin\u00e9s et l\u2019\u00e9nergie pour la croissance appropri\u00e9e des porcs industriels depuis 30 kg de PV jusqu\u2019\u00e0 55 kg de PV. <\/p>\n<p>\u2022 <strong>CERDOS ENGORDE PLUS:<\/strong> Aliment complet avec le meilleur \u00e9quilibre possible entre l\u2019apport d\u2019\u00e9nergie et la concentration de prot\u00e9ine brute pour la phase d\u2019engraissement de porcs industriels  depuis 50 kg de PV jusqu\u2019\u00e0 l\u2019abattage.<\/p>\n<p>\u2022 <strong>CERDOS REPRODUCTORES PLUS:<\/strong> \u00c0 utiliser comme aliment unique pour les verrats (2.5-3.0 kg animal et jour), les truies de renouvellement (2.5 kg truie et jour, \u00e0 volont\u00e9 la semaine avant la mise \u00e0 reproduction) et les truies en gestation (2.0-2.5 kg jour les 90 premiers jours de gestation et 2.5-3.0 kg jour fin de la gestation).  <\/p>\n<p>\u2022 <strong>CERDAS LACTACION PLUS:<\/strong> Aliment complet avec les plus hauts niveaux \u00e9nerg\u00e9tiques pour truies industrielles en p\u00e9riode d\u2019allaitement, \u00e0 administrer \u00e0 volont\u00e9, en augmentant la quantit\u00e9 progressivement depuis le jour de la mise bas jusqu\u2019au 5\u00e8me jour suivant la mise bas.<\/p>\n<p>\u2022 <strong>CERDAS GESTACION PLUS:<\/strong> Aliment complet \u00e0 haute teneur en fibre et hautement \u00e9quilibr\u00e9 en niveaux prot\u00e9iques pour les truies industrielles en phase de gestation, que l\u2019on administrera \u00e0 raison de 2.3 kg truie et jour durant le premier tiers de la gestation, 2.5 kg durant le deuxi\u00e8me tiers et de 2.5 \u00e0 3.0 kg au troisi\u00e8me tiers.  <\/p>\n<p><a href=\"https:\/\/www.capisa.es\/wp-content\/uploads\/2012\/06\/avicultura.jpg\"><img loading=\"lazy\" decoding=\"async\" class=\"alignnone size-full wp-image-275\" title=\"avicultura\" src=\"https:\/\/www.capisa.es\/wp-content\/uploads\/2012\/06\/avicultura.jpg\" alt=\"\" width=\"430\" height=\"280\" srcset=\"https:\/\/www.capisa.es\/wp-content\/uploads\/2012\/06\/avicultura.jpg 430w, https:\/\/www.capisa.es\/wp-content\/uploads\/2012\/06\/avicultura-300x195.jpg 300w\" sizes=\"auto, (max-width: 430px) 100vw, 430px\" \/><\/a><\/p>\n","protected":false},"excerpt":{"rendered":"<p>Nous concevons des aliments sur mesure pour chacune des cat\u00e9gories dans le but d\u2019obtenir les indices les plus \u00e9lev\u00e9s de f\u00e9condit\u00e9 et prolificit\u00e9 chez les femelles, ainsi qu\u2019un indice \u00e9lev\u00e9 de conversion dans les canaux finals. \u2022 LECHONES PLUS: Aliment &hellip; <a href=\"https:\/\/www.capisa.es\/fr\/produits\/aliments\/gama-plus\/porcino\/\">Continuer la lecture <span class=\"meta-nav\">&rarr;<\/span><\/a><\/p>\n","protected":false},"author":1,"featured_media":0,"parent":2409,"menu_order":0,"comment_status":"closed","ping_status":"closed","template":"sidebar-page.php","meta":{"ngg_post_thumbnail":0,"footnotes":""},"class_list":["post-2413","page","type-page","status-publish","hentry"],"_links":{"self":[{"href":"https:\/\/www.capisa.es\/fr\/wp-json\/wp\/v2\/pages\/2413","targetHints":{"allow":["GET"]}}],"collection":[{"href":"https:\/\/www.capisa.es\/fr\/wp-json\/wp\/v2\/pages"}],"about":[{"href":"https:\/\/www.capisa.es\/fr\/wp-json\/wp\/v2\/types\/page"}],"author":[{"embeddable":true,"href":"https:\/\/www.capisa.es\/fr\/wp-json\/wp\/v2\/users\/1"}],"replies":[{"embeddable":true,"href":"https:\/\/www.capisa.es\/fr\/wp-json\/wp\/v2\/comments?post=2413"}],"version-history":[{"count":1,"href":"https:\/\/www.capisa.es\/fr\/wp-json\/wp\/v2\/pages\/2413\/revisions"}],"predecessor-version":[{"id":2414,"href":"https:\/\/www.capisa.es\/fr\/wp-json\/wp\/v2\/pages\/2413\/revisions\/2414"}],"up":[{"embeddable":true,"href":"https:\/\/www.capisa.es\/fr\/wp-json\/wp\/v2\/pages\/2409"}],"wp:attachment":[{"href":"https:\/\/www.capisa.es\/fr\/wp-json\/wp\/v2\/media?parent=2413"}],"curies":[{"name":"wp","href":"https:\/\/api.w.org\/{rel}","templated":true}]}}